{"id":120,"date":"2022-06-23T21:26:07","date_gmt":"2022-06-23T21:26:07","guid":{"rendered":"http:\/\/localhost\/karinarojasecommerce\/?post_type=product&#038;p=120"},"modified":"2026-04-09T22:01:05","modified_gmt":"2026-04-09T22:01:05","slug":"l-carnitina-1500","status":"publish","type":"product","link":"https:\/\/karinarojasenforma.cl\/tienda\/producto\/l-carnitina-1500\/","title":{"rendered":"L Carnitina 1500"},"content":{"rendered":"<p>Es un eficaz \u00abquemador\u00bb de grasa <strong>sin estimulantes<\/strong>, por lo que puede ser tomado por mujeres que est\u00e9n iniciando en el deporte, que amamantan e hipertensas.<br \/>\nLa L cartinina ayuda al transporte de las grasas para convertirlas en energ\u00eda.<br \/>\nIdeal para potenciar el rendimiento f\u00edsico sin efectos estimulantes.<br \/>\nPresentaci\u00f3n l\u00edquida de m\u00e1s alta concentraci\u00f3n y r\u00e1pida absorci\u00f3n.<\/p>\n<p>Toma 1\/2 tapita (15 ml) antes de la actividad f\u00edsica.<\/p>\n","protected":false},"excerpt":{"rendered":"<p>Es un eficaz \u201cquemador\u201d de grasa sin estimulantes, por lo que puede ser tomado por mujeres que se est\u00e1n iniciando en el deporte, que amamantan e hipertensas.<\/p>\n<p>Viene en varios sabores. 30 servicios.<\/p>\n","protected":false},"featured_media":9263,"comment_status":"open","ping_status":"closed","template":"","meta":[],"product_brand":[],"product_cat":[15,16],"product_tag":[],"class_list":{"0":"post-120","1":"product","2":"type-product","3":"status-publish","4":"has-post-thumbnail","6":"product_cat-producto-karinaenforma","7":"product_cat-suplementos","9":"first","10":"instock","11":"shipping-taxable","12":"purchasable","13":"product-type-simple"},"_links":{"self":[{"href":"https:\/\/karinarojasenforma.cl\/tienda\/wp-json\/wp\/v2\/product\/120","targetHints":{"allow":["GET"]}}],"collection":[{"href":"https:\/\/karinarojasenforma.cl\/tienda\/wp-json\/wp\/v2\/product"}],"about":[{"href":"https:\/\/karinarojasenforma.cl\/tienda\/wp-json\/wp\/v2\/types\/product"}],"replies":[{"embeddable":true,"href":"https:\/\/karinarojasenforma.cl\/tienda\/wp-json\/wp\/v2\/comments?post=120"}],"wp:featuredmedia":[{"embeddable":true,"href":"https:\/\/karinarojasenforma.cl\/tienda\/wp-json\/wp\/v2\/media\/9263"}],"wp:attachment":[{"href":"https:\/\/karinarojasenforma.cl\/tienda\/wp-json\/wp\/v2\/media?parent=120"}],"wp:term":[{"taxonomy":"product_brand","embeddable":true,"href":"https:\/\/karinarojasenforma.cl\/tienda\/wp-json\/wp\/v2\/product_brand?post=120"},{"taxonomy":"product_cat","embeddable":true,"href":"https:\/\/karinarojasenforma.cl\/tienda\/wp-json\/wp\/v2\/product_cat?post=120"},{"taxonomy":"product_tag","embeddable":true,"href":"https:\/\/karinarojasenforma.cl\/tienda\/wp-json\/wp\/v2\/product_tag?post=120"}],"curies":[{"name":"wp","href":"https:\/\/api.w.org\/{rel}","templated":true}]}}