{"id":15,"date":"2022-06-20T21:47:35","date_gmt":"2022-06-20T21:47:35","guid":{"rendered":"http:\/\/localhost\/karinarojasecommerce\/?post_type=product&#038;p=15"},"modified":"2026-04-09T22:06:51","modified_gmt":"2026-04-09T22:06:51","slug":"glutamina","status":"publish","type":"product","link":"https:\/\/karinarojasenforma.cl\/tienda\/producto\/glutamina\/","title":{"rendered":"Glutamina"},"content":{"rendered":"<p>La glutamina es clave para la recuperaci\u00f3n muscular y el fortalecimiento del sistema inmunol\u00f3gico. Es especialmente \u00fatil durante per\u00edodos de entrenamiento intenso o estr\u00e9s, ayudando a mantener tus niveles de energ\u00eda y bienestar general.<br \/>\nLibre de Gluten.<br \/>\nLa glutamina adem\u00e1s juega un papel crucial en la salud digestiva y puede considerarse un protector g\u00e1strico, participando en la reparaci\u00f3n de la Mucosa Intestinal, Prevenci\u00f3n del Intestino Permeable y en la reducci\u00f3n de Inflamaci\u00f3n. <\/p>\n<p>Toma 5 gramos todos los d\u00edas, ya sea con el amino\u00e1cido, creatina o agr\u00e9galo a tu batido favorito.<\/p>\n","protected":false},"excerpt":{"rendered":"<p>Glutamina Pro Greathelete, sin sabor, 80 servicios<\/p>\n","protected":false},"featured_media":174,"comment_status":"open","ping_status":"closed","template":"","meta":[],"product_brand":[],"product_cat":[15,16],"product_tag":[],"class_list":{"0":"post-15","1":"product","2":"type-product","3":"status-publish","4":"has-post-thumbnail","6":"product_cat-producto-karinaenforma","7":"product_cat-suplementos","9":"first","10":"instock","11":"shipping-taxable","12":"purchasable","13":"product-type-simple"},"_links":{"self":[{"href":"https:\/\/karinarojasenforma.cl\/tienda\/wp-json\/wp\/v2\/product\/15","targetHints":{"allow":["GET"]}}],"collection":[{"href":"https:\/\/karinarojasenforma.cl\/tienda\/wp-json\/wp\/v2\/product"}],"about":[{"href":"https:\/\/karinarojasenforma.cl\/tienda\/wp-json\/wp\/v2\/types\/product"}],"replies":[{"embeddable":true,"href":"https:\/\/karinarojasenforma.cl\/tienda\/wp-json\/wp\/v2\/comments?post=15"}],"wp:featuredmedia":[{"embeddable":true,"href":"https:\/\/karinarojasenforma.cl\/tienda\/wp-json\/wp\/v2\/media\/174"}],"wp:attachment":[{"href":"https:\/\/karinarojasenforma.cl\/tienda\/wp-json\/wp\/v2\/media?parent=15"}],"wp:term":[{"taxonomy":"product_brand","embeddable":true,"href":"https:\/\/karinarojasenforma.cl\/tienda\/wp-json\/wp\/v2\/product_brand?post=15"},{"taxonomy":"product_cat","embeddable":true,"href":"https:\/\/karinarojasenforma.cl\/tienda\/wp-json\/wp\/v2\/product_cat?post=15"},{"taxonomy":"product_tag","embeddable":true,"href":"https:\/\/karinarojasenforma.cl\/tienda\/wp-json\/wp\/v2\/product_tag?post=15"}],"curies":[{"name":"wp","href":"https:\/\/api.w.org\/{rel}","templated":true}]}}