{"id":1512,"date":"2022-09-09T18:59:13","date_gmt":"2022-09-09T18:59:13","guid":{"rendered":"https:\/\/tienda.karinarojasenforma.cl\/?post_type=product&#038;p=1512"},"modified":"2026-04-09T22:00:19","modified_gmt":"2026-04-09T22:00:19","slug":"tribulus","status":"publish","type":"product","link":"https:\/\/karinarojasenforma.cl\/tienda\/producto\/tribulus\/","title":{"rendered":"TRIBULUS"},"content":{"rendered":"<p>El Tribulus es una hierba natural utilizada por siglos en la medicina tradicional para promover el equilibrio hormonal y mejorar el bienestar en general.<br \/>\nEste suplemento es ideal para mujeres de m\u00e1s de 40 a\u00f1os que buscan optimizar su energ\u00eda, aumentar su vitalidad y mejorar su composici\u00f3n corporal.<\/p>\n<p><strong>Beneficios claves:<\/strong><\/p>\n<p>-Regula los <strong>niveles hormonales<\/strong>, favoreciendo el <strong>deseo sexual y la libido<\/strong>.<br \/>\n-Mejora el <strong>Estado de \u00e1nimo y el humor<\/strong>, ayudando a combatir el estr\u00e9s y la fatiga.<br \/>\n-Apoya el desarrollo de la <strong>masa muscular<\/strong>, ideal quienes buscan tonificar su cuerpo.<br \/>\n-Alivia s\u00edntomas de la <strong>Menopausia<\/strong>, reduciendo bochornos e irritabilidad para un mayor bienestar.<\/p>\n","protected":false},"excerpt":{"rendered":"<p>Los beneficios del Tribulus terrestris son relevantes para todas las mujeres, especialmente despu\u00e9s de los 40 a\u00f1os, ya que puede:<\/p>\n<p>Regular los niveles hormonales: Aumenta la producci\u00f3n de andr\u00f3genos, mejorando la libido y el deseo sexual.<\/p>\n<p>Aumentar la confianza y autoestima: Mejora el estado de \u00e1nimo y la satisfacci\u00f3n sexual.<\/p>\n<p>Ayudar a ganar masa muscular:<br \/>\nFavorece la fuerza y el rendimiento f\u00edsico, siendo \u00fatil para quienes buscan tonificar su cuerpo.<\/p>\n<p>Aliviar s\u00edntomas de menopausia: Disminuye bochornos e irritabilidad, contribuyendo al bienestar general.<\/p>\n<p>Toma 2 c\u00e1psulas todos los d\u00edas, idealmente por la noche <\/p>\n<p>Apto para Hombres y mujeres. <\/p>\n","protected":false},"featured_media":1513,"comment_status":"closed","ping_status":"closed","template":"","meta":[],"product_brand":[],"product_cat":[15],"product_tag":[],"class_list":{"0":"post-1512","1":"product","2":"type-product","3":"status-publish","4":"has-post-thumbnail","6":"product_cat-producto-karinaenforma","8":"first","9":"instock","10":"shipping-taxable","11":"purchasable","12":"product-type-simple"},"_links":{"self":[{"href":"https:\/\/karinarojasenforma.cl\/tienda\/wp-json\/wp\/v2\/product\/1512","targetHints":{"allow":["GET"]}}],"collection":[{"href":"https:\/\/karinarojasenforma.cl\/tienda\/wp-json\/wp\/v2\/product"}],"about":[{"href":"https:\/\/karinarojasenforma.cl\/tienda\/wp-json\/wp\/v2\/types\/product"}],"replies":[{"embeddable":true,"href":"https:\/\/karinarojasenforma.cl\/tienda\/wp-json\/wp\/v2\/comments?post=1512"}],"wp:featuredmedia":[{"embeddable":true,"href":"https:\/\/karinarojasenforma.cl\/tienda\/wp-json\/wp\/v2\/media\/1513"}],"wp:attachment":[{"href":"https:\/\/karinarojasenforma.cl\/tienda\/wp-json\/wp\/v2\/media?parent=1512"}],"wp:term":[{"taxonomy":"product_brand","embeddable":true,"href":"https:\/\/karinarojasenforma.cl\/tienda\/wp-json\/wp\/v2\/product_brand?post=1512"},{"taxonomy":"product_cat","embeddable":true,"href":"https:\/\/karinarojasenforma.cl\/tienda\/wp-json\/wp\/v2\/product_cat?post=1512"},{"taxonomy":"product_tag","embeddable":true,"href":"https:\/\/karinarojasenforma.cl\/tienda\/wp-json\/wp\/v2\/product_tag?post=1512"}],"curies":[{"name":"wp","href":"https:\/\/api.w.org\/{rel}","templated":true}]}}