{"id":17,"date":"2022-06-20T21:50:18","date_gmt":"2022-06-20T21:50:18","guid":{"rendered":"http:\/\/localhost\/karinarojasecommerce\/?post_type=product&#038;p=17"},"modified":"2026-04-09T22:03:49","modified_gmt":"2026-04-09T22:03:49","slug":"creatina","status":"publish","type":"product","link":"https:\/\/karinarojasenforma.cl\/tienda\/producto\/creatina\/","title":{"rendered":"Creatina"},"content":{"rendered":"<p>La creatina es perfecta para mujeres que buscan aumentar su fuerza y rendimiento en entrenamientos de alta intensidad.<br \/>\nAyuda a mejorar la energ\u00eda muscular, lo que te permite entrenar m\u00e1s duro y obtener mejores resultados en menos tiempo.<br \/>\nAdem\u00e1s, favorece la recuperaci\u00f3n post-entrenamiento, ayud\u00e1ndote a mantenerte activa y en\u00e9rgica.<\/p>\n<p>Toma todos los d\u00edas 5 gramos, ya sea antes o despu\u00e9s del entrenamiento.<\/p>\n<p>(no existe suficiente informaci\u00f3n confiable si es seguro el uso de la creatina si est\u00e1 amamantando, por lo que se recomienda que evite su uso).<\/p>\n","protected":false},"excerpt":{"rendered":"<p>Creatina Pro Greathelete sin Sabor, 50 servicios.<\/p>\n","protected":false},"featured_media":9062,"comment_status":"open","ping_status":"closed","template":"","meta":[],"product_brand":[],"product_cat":[15,16],"product_tag":[],"class_list":{"0":"post-17","1":"product","2":"type-product","3":"status-publish","4":"has-post-thumbnail","6":"product_cat-producto-karinaenforma","7":"product_cat-suplementos","9":"first","10":"instock","11":"shipping-taxable","12":"purchasable","13":"product-type-simple"},"_links":{"self":[{"href":"https:\/\/karinarojasenforma.cl\/tienda\/wp-json\/wp\/v2\/product\/17","targetHints":{"allow":["GET"]}}],"collection":[{"href":"https:\/\/karinarojasenforma.cl\/tienda\/wp-json\/wp\/v2\/product"}],"about":[{"href":"https:\/\/karinarojasenforma.cl\/tienda\/wp-json\/wp\/v2\/types\/product"}],"replies":[{"embeddable":true,"href":"https:\/\/karinarojasenforma.cl\/tienda\/wp-json\/wp\/v2\/comments?post=17"}],"wp:featuredmedia":[{"embeddable":true,"href":"https:\/\/karinarojasenforma.cl\/tienda\/wp-json\/wp\/v2\/media\/9062"}],"wp:attachment":[{"href":"https:\/\/karinarojasenforma.cl\/tienda\/wp-json\/wp\/v2\/media?parent=17"}],"wp:term":[{"taxonomy":"product_brand","embeddable":true,"href":"https:\/\/karinarojasenforma.cl\/tienda\/wp-json\/wp\/v2\/product_brand?post=17"},{"taxonomy":"product_cat","embeddable":true,"href":"https:\/\/karinarojasenforma.cl\/tienda\/wp-json\/wp\/v2\/product_cat?post=17"},{"taxonomy":"product_tag","embeddable":true,"href":"https:\/\/karinarojasenforma.cl\/tienda\/wp-json\/wp\/v2\/product_tag?post=17"}],"curies":[{"name":"wp","href":"https:\/\/api.w.org\/{rel}","templated":true}]}}