{"id":19,"date":"2022-06-20T21:52:24","date_gmt":"2022-06-20T21:52:24","guid":{"rendered":"http:\/\/localhost\/karinarojasecommerce\/?post_type=product&#038;p=19"},"modified":"2026-04-16T18:32:27","modified_gmt":"2026-04-16T18:32:27","slug":"colageno-hidrolizado","status":"publish","type":"product","link":"https:\/\/karinarojasenforma.cl\/tienda\/producto\/colageno-hidrolizado\/","title":{"rendered":"Col\u00e1geno hidrolizado"},"content":{"rendered":"<p>El col\u00e1geno hidrolizado promueve la salud de la piel, cabello y u\u00f1as, adem\u00e1s de fortalecer las articulaciones. Ideal para mujeres que desean mantener una apariencia juvenil mientras apoyan su bienestar general.<\/p>\n<p>No contiene gluten, adem\u00e1s no tiene sabor por lo que lo hace un suplemento ideal para agregar a tus batidos.<\/p>\n<p>Beneficios:<br \/>\n-Aporta 10 G de prote\u00edna por servicio.<br \/>\n-Combate la flacidez.<br \/>\n-Fortalece huesos y articulaciones.<br \/>\n-Ayuda a aliviar el dolor de las articulaciones.<br \/>\n-Ayuda a prevenir la p\u00e9rdida \u00f3sea.<br \/>\n-Mejora el aspecto de u\u00f1as, pelo y piel. Un servicio de col\u00e1geno al d\u00eda, puede disminuir la probabilidad de lesiones.<br \/>\n-Se puede consumir en per\u00edodo de lactancia.<br \/>\nEste es un suplemento que debes mantener de manera permanente si eres una mujer de m\u00e1s de 35 a\u00f1os.<\/p>\n","protected":false},"excerpt":{"rendered":"<p>Col\u00e1geno hidrolizado sin gluten, sin sabor, rinde 50 dosis (30 servicios)<\/p>\n","protected":false},"featured_media":8759,"comment_status":"open","ping_status":"closed","template":"","meta":[],"product_brand":[],"product_cat":[15,16],"product_tag":[],"class_list":{"0":"post-19","1":"product","2":"type-product","3":"status-publish","4":"has-post-thumbnail","6":"product_cat-producto-karinaenforma","7":"product_cat-suplementos","9":"first","10":"instock","11":"shipping-taxable","12":"purchasable","13":"product-type-simple"},"_links":{"self":[{"href":"https:\/\/karinarojasenforma.cl\/tienda\/wp-json\/wp\/v2\/product\/19","targetHints":{"allow":["GET"]}}],"collection":[{"href":"https:\/\/karinarojasenforma.cl\/tienda\/wp-json\/wp\/v2\/product"}],"about":[{"href":"https:\/\/karinarojasenforma.cl\/tienda\/wp-json\/wp\/v2\/types\/product"}],"replies":[{"embeddable":true,"href":"https:\/\/karinarojasenforma.cl\/tienda\/wp-json\/wp\/v2\/comments?post=19"}],"wp:featuredmedia":[{"embeddable":true,"href":"https:\/\/karinarojasenforma.cl\/tienda\/wp-json\/wp\/v2\/media\/8759"}],"wp:attachment":[{"href":"https:\/\/karinarojasenforma.cl\/tienda\/wp-json\/wp\/v2\/media?parent=19"}],"wp:term":[{"taxonomy":"product_brand","embeddable":true,"href":"https:\/\/karinarojasenforma.cl\/tienda\/wp-json\/wp\/v2\/product_brand?post=19"},{"taxonomy":"product_cat","embeddable":true,"href":"https:\/\/karinarojasenforma.cl\/tienda\/wp-json\/wp\/v2\/product_cat?post=19"},{"taxonomy":"product_tag","embeddable":true,"href":"https:\/\/karinarojasenforma.cl\/tienda\/wp-json\/wp\/v2\/product_tag?post=19"}],"curies":[{"name":"wp","href":"https:\/\/api.w.org\/{rel}","templated":true}]}}