{"id":27,"date":"2022-06-20T22:11:14","date_gmt":"2022-06-20T22:11:14","guid":{"rendered":"http:\/\/localhost\/karinarojasecommerce\/?post_type=product&#038;p=27"},"modified":"2026-04-09T22:02:14","modified_gmt":"2026-04-09T22:02:14","slug":"bloqueador-de-carbohidratos","status":"publish","type":"product","link":"https:\/\/karinarojasenforma.cl\/tienda\/producto\/bloqueador-de-carbohidratos\/","title":{"rendered":"Bloqueador de carbohidratos"},"content":{"rendered":"<p>El bloqueador de carbohidratos es ideal para mujeres que desean disfrutar de sus comidas favoritas sin tener que preocuparse por los efectos que pueda tener en sus metas saludables.<br \/>\nEste suplemento ayuda a reducir la absorci\u00f3n de carbohidratos, apoyando tus objetivos de control de peso.<br \/>\nToma 2 comprimidos 30 minutos antes de la comida m\u00e1s abundante.<br \/>\nNo consumas todos los d\u00edas o puede interferir en la absorci\u00f3n de nutrientes.<\/p>\n","protected":false},"excerpt":{"rendered":"<p>Act\u00faa como inhibidor, evita que act\u00faen las enzimas alfa-glucosidasa en el intestino delgado y la alfa-amilasa en el p\u00e1ncreas.<\/p>\n","protected":false},"featured_media":28,"comment_status":"open","ping_status":"closed","template":"","meta":[],"product_brand":[],"product_cat":[15,16],"product_tag":[],"class_list":{"0":"post-27","1":"product","2":"type-product","3":"status-publish","4":"has-post-thumbnail","6":"product_cat-producto-karinaenforma","7":"product_cat-suplementos","9":"first","10":"instock","11":"shipping-taxable","12":"purchasable","13":"product-type-simple"},"_links":{"self":[{"href":"https:\/\/karinarojasenforma.cl\/tienda\/wp-json\/wp\/v2\/product\/27","targetHints":{"allow":["GET"]}}],"collection":[{"href":"https:\/\/karinarojasenforma.cl\/tienda\/wp-json\/wp\/v2\/product"}],"about":[{"href":"https:\/\/karinarojasenforma.cl\/tienda\/wp-json\/wp\/v2\/types\/product"}],"replies":[{"embeddable":true,"href":"https:\/\/karinarojasenforma.cl\/tienda\/wp-json\/wp\/v2\/comments?post=27"}],"wp:featuredmedia":[{"embeddable":true,"href":"https:\/\/karinarojasenforma.cl\/tienda\/wp-json\/wp\/v2\/media\/28"}],"wp:attachment":[{"href":"https:\/\/karinarojasenforma.cl\/tienda\/wp-json\/wp\/v2\/media?parent=27"}],"wp:term":[{"taxonomy":"product_brand","embeddable":true,"href":"https:\/\/karinarojasenforma.cl\/tienda\/wp-json\/wp\/v2\/product_brand?post=27"},{"taxonomy":"product_cat","embeddable":true,"href":"https:\/\/karinarojasenforma.cl\/tienda\/wp-json\/wp\/v2\/product_cat?post=27"},{"taxonomy":"product_tag","embeddable":true,"href":"https:\/\/karinarojasenforma.cl\/tienda\/wp-json\/wp\/v2\/product_tag?post=27"}],"curies":[{"name":"wp","href":"https:\/\/api.w.org\/{rel}","templated":true}]}}