{"id":43,"date":"2022-06-21T04:27:08","date_gmt":"2022-06-21T04:27:08","guid":{"rendered":"http:\/\/localhost\/karinarojasecommerce\/?post_type=product&#038;p=43"},"modified":"2026-04-09T22:01:40","modified_gmt":"2026-04-09T22:01:40","slug":"keto-girls","status":"publish","type":"product","link":"https:\/\/karinarojasenforma.cl\/tienda\/producto\/keto-girls\/","title":{"rendered":"Keto &#8211; Girls"},"content":{"rendered":"<p>Nueva F\u00f3rmula de triple acci\u00f3n que facilita la oxidaci\u00f3n de las grasas, combate la retenci\u00f3n de l\u00edquidos y reduce y controla el apetito.<\/p>\n<p>Otros beneficios:<\/p>\n<ul>\n<li>Elimina toxinas de forma natural.<\/li>\n<li>Ayuda a controlar y atenuar la celulitis.<\/li>\n<li>Aporta energ\u00eda y mejora el estado de \u00e1nimo.<\/li>\n<\/ul>\n<p>Con aporte de cafe\u00edna, cetonas de frambuesa y cola de caballo (diur\u00e9tico natural).<\/p>\n<p>Envase de 90 c\u00e1psulas.<\/p>\n","protected":false},"excerpt":{"rendered":"<p>Keto Girls, elimina toxinas de forma natural, ayuda a controlar y atenuar la celulitis, aporta energ\u00eda y mejora el estado de \u00e1nimo.<\/p>\n<p>Envase de 90 c\u00e1psulas.<\/p>\n","protected":false},"featured_media":44,"comment_status":"open","ping_status":"closed","template":"","meta":[],"product_brand":[],"product_cat":[15,16],"product_tag":[],"class_list":{"0":"post-43","1":"product","2":"type-product","3":"status-publish","4":"has-post-thumbnail","6":"product_cat-producto-karinaenforma","7":"product_cat-suplementos","9":"first","10":"instock","11":"shipping-taxable","12":"purchasable","13":"product-type-simple"},"_links":{"self":[{"href":"https:\/\/karinarojasenforma.cl\/tienda\/wp-json\/wp\/v2\/product\/43","targetHints":{"allow":["GET"]}}],"collection":[{"href":"https:\/\/karinarojasenforma.cl\/tienda\/wp-json\/wp\/v2\/product"}],"about":[{"href":"https:\/\/karinarojasenforma.cl\/tienda\/wp-json\/wp\/v2\/types\/product"}],"replies":[{"embeddable":true,"href":"https:\/\/karinarojasenforma.cl\/tienda\/wp-json\/wp\/v2\/comments?post=43"}],"wp:featuredmedia":[{"embeddable":true,"href":"https:\/\/karinarojasenforma.cl\/tienda\/wp-json\/wp\/v2\/media\/44"}],"wp:attachment":[{"href":"https:\/\/karinarojasenforma.cl\/tienda\/wp-json\/wp\/v2\/media?parent=43"}],"wp:term":[{"taxonomy":"product_brand","embeddable":true,"href":"https:\/\/karinarojasenforma.cl\/tienda\/wp-json\/wp\/v2\/product_brand?post=43"},{"taxonomy":"product_cat","embeddable":true,"href":"https:\/\/karinarojasenforma.cl\/tienda\/wp-json\/wp\/v2\/product_cat?post=43"},{"taxonomy":"product_tag","embeddable":true,"href":"https:\/\/karinarojasenforma.cl\/tienda\/wp-json\/wp\/v2\/product_tag?post=43"}],"curies":[{"name":"wp","href":"https:\/\/api.w.org\/{rel}","templated":true}]}}