{"id":6847,"date":"2023-08-21T15:47:20","date_gmt":"2023-08-21T15:47:20","guid":{"rendered":"https:\/\/karinarojasenforma.cl\/tienda\/?post_type=product&#038;p=6847"},"modified":"2026-04-16T19:21:18","modified_gmt":"2026-04-16T19:21:18","slug":"proteina-vegetal","status":"publish","type":"product","link":"https:\/\/karinarojasenforma.cl\/tienda\/producto\/proteina-vegetal\/","title":{"rendered":"Prote\u00edna vegetal"},"content":{"rendered":"<p>Prote\u00edna aislada vegetal, sabor; vainilla, chocolate y cookie &amp; cream.<\/p>\n<p>Es perfecta para mujeres que buscan una fuente completa de prote\u00ednas sin lactosa. Rica en nutrientes esenciales, esta prote\u00edna apoya el crecimiento muscular y mejora la salud digestiva, ayud\u00e1ndote a sentirte bien desde adentro hacia afuera.<br \/>\nLa prote\u00edna Vegetal de Gohard se caracteriza por su rico sabor, adem\u00e1s de no contener Gluten, az\u00facar ni l\u00e1cteos, por lo que no hincha como la mayor\u00eda de las prote\u00ednas.<br \/>\nToma un servicio ya sea al desayuno, colaci\u00f3n o post entreno.<\/p>\n<p>27 G de prote\u00edna.<br \/>\n4,6 G de BCAA.<br \/>\n0,6 G de carbohidratos.<br \/>\n0,6 G de grasas.<br \/>\n0% de azucar.<br \/>\n0% de lactosa.<br \/>\n0% de gl\u00faten.<\/p>\n","protected":false},"excerpt":{"rendered":"<p>Prote\u00edna aislada vegetal, sabor; vainilla, chocolate y cookie &amp; cream. Es perfecta para mujeres que buscan una fuente completa de prote\u00ednas sin lactosa. Rica en nutrientes esenciales, esta prote\u00edna apoya el crecimiento muscular y mejora la salud digestiva, ayud\u00e1ndote a sentirte bien desde adentro hacia afuera. La prote\u00edna Vegetal de Gohard se caracteriza por su [&hellip;]<\/p>\n","protected":false},"featured_media":6848,"comment_status":"open","ping_status":"closed","template":"","meta":[],"product_brand":[],"product_cat":[15],"product_tag":[],"class_list":{"0":"post-6847","1":"product","2":"type-product","3":"status-publish","4":"has-post-thumbnail","6":"product_cat-producto-karinaenforma","8":"first","9":"instock","10":"shipping-taxable","11":"purchasable","12":"product-type-variable"},"_links":{"self":[{"href":"https:\/\/karinarojasenforma.cl\/tienda\/wp-json\/wp\/v2\/product\/6847","targetHints":{"allow":["GET"]}}],"collection":[{"href":"https:\/\/karinarojasenforma.cl\/tienda\/wp-json\/wp\/v2\/product"}],"about":[{"href":"https:\/\/karinarojasenforma.cl\/tienda\/wp-json\/wp\/v2\/types\/product"}],"replies":[{"embeddable":true,"href":"https:\/\/karinarojasenforma.cl\/tienda\/wp-json\/wp\/v2\/comments?post=6847"}],"wp:featuredmedia":[{"embeddable":true,"href":"https:\/\/karinarojasenforma.cl\/tienda\/wp-json\/wp\/v2\/media\/6848"}],"wp:attachment":[{"href":"https:\/\/karinarojasenforma.cl\/tienda\/wp-json\/wp\/v2\/media?parent=6847"}],"wp:term":[{"taxonomy":"product_brand","embeddable":true,"href":"https:\/\/karinarojasenforma.cl\/tienda\/wp-json\/wp\/v2\/product_brand?post=6847"},{"taxonomy":"product_cat","embeddable":true,"href":"https:\/\/karinarojasenforma.cl\/tienda\/wp-json\/wp\/v2\/product_cat?post=6847"},{"taxonomy":"product_tag","embeddable":true,"href":"https:\/\/karinarojasenforma.cl\/tienda\/wp-json\/wp\/v2\/product_tag?post=6847"}],"curies":[{"name":"wp","href":"https:\/\/api.w.org\/{rel}","templated":true}]}}