{"id":6971,"date":"2023-09-22T22:10:50","date_gmt":"2023-09-22T22:10:50","guid":{"rendered":"https:\/\/karinarojasenforma.cl\/tienda\/?post_type=product&#038;p=6971"},"modified":"2026-04-09T19:22:27","modified_gmt":"2026-04-09T19:22:27","slug":"picolinato-de-cromo","status":"publish","type":"product","link":"https:\/\/karinarojasenforma.cl\/tienda\/producto\/picolinato-de-cromo\/","title":{"rendered":"Picolinato de Cromo"},"content":{"rendered":"<p>El picolinato de cromo es un aliado en el control de apetito y la regulaci\u00f3n del az\u00facar en sangre. Ayuda a mantener estables los niveles de energ\u00eda, evitando esos antojos indeseados.<br \/>\nPerfecto para mujeres que buscan equilibrar su dieta y apoyar su metabolismo.<\/p>\n<p>Toma 1 capsula a media ma\u00f1ana y 1 a media tarde.<\/p>\n","protected":false},"excerpt":{"rendered":"<p>El picolinato de cromo es un aliado en el control de apetito y la regulaci\u00f3n del az\u00facar en sangre. Ayuda a mantener estables los niveles de energ\u00eda, evitando esos antojos indeseados. Perfecto para mujeres que buscan equilibrar su dieta y apoyar su metabolismo. Toma 1 capsula a media ma\u00f1ana y 1 a media tarde.<\/p>\n","protected":false},"featured_media":9261,"comment_status":"open","ping_status":"closed","template":"","meta":[],"product_brand":[],"product_cat":[15],"product_tag":[],"class_list":{"0":"post-6971","1":"product","2":"type-product","3":"status-publish","4":"has-post-thumbnail","6":"product_cat-producto-karinaenforma","8":"first","9":"instock","10":"shipping-taxable","11":"purchasable","12":"product-type-simple"},"_links":{"self":[{"href":"https:\/\/karinarojasenforma.cl\/tienda\/wp-json\/wp\/v2\/product\/6971","targetHints":{"allow":["GET"]}}],"collection":[{"href":"https:\/\/karinarojasenforma.cl\/tienda\/wp-json\/wp\/v2\/product"}],"about":[{"href":"https:\/\/karinarojasenforma.cl\/tienda\/wp-json\/wp\/v2\/types\/product"}],"replies":[{"embeddable":true,"href":"https:\/\/karinarojasenforma.cl\/tienda\/wp-json\/wp\/v2\/comments?post=6971"}],"wp:featuredmedia":[{"embeddable":true,"href":"https:\/\/karinarojasenforma.cl\/tienda\/wp-json\/wp\/v2\/media\/9261"}],"wp:attachment":[{"href":"https:\/\/karinarojasenforma.cl\/tienda\/wp-json\/wp\/v2\/media?parent=6971"}],"wp:term":[{"taxonomy":"product_brand","embeddable":true,"href":"https:\/\/karinarojasenforma.cl\/tienda\/wp-json\/wp\/v2\/product_brand?post=6971"},{"taxonomy":"product_cat","embeddable":true,"href":"https:\/\/karinarojasenforma.cl\/tienda\/wp-json\/wp\/v2\/product_cat?post=6971"},{"taxonomy":"product_tag","embeddable":true,"href":"https:\/\/karinarojasenforma.cl\/tienda\/wp-json\/wp\/v2\/product_tag?post=6971"}],"curies":[{"name":"wp","href":"https:\/\/api.w.org\/{rel}","templated":true}]}}