{"id":9096,"date":"2025-10-30T18:39:12","date_gmt":"2025-10-30T18:39:12","guid":{"rendered":"https:\/\/karinarojasenforma.cl\/tienda\/?post_type=product&#038;p=9096"},"modified":"2026-04-07T22:47:00","modified_gmt":"2026-04-07T22:47:00","slug":"dhea-balance-hormonal-en-peri-y-menopausia","status":"publish","type":"product","link":"https:\/\/karinarojasenforma.cl\/tienda\/producto\/dhea-balance-hormonal-en-peri-y-menopausia\/","title":{"rendered":"DHEA &#8211; Balance Hormonal en Peri y Menopausia"},"content":{"rendered":"<p>Despu\u00e9s de los 40 y en la menopausia, tus hormonas bajan y eso hace que acumules grasa, pierdas masa muscular y te sientas m\u00e1s cansada. El DHEA act\u00faa como un apoyo natural, ayud\u00e1ndote a recuperar energ\u00eda, \u00e1nimo, mantener tu musculatura y mejorar tu bienestar d\u00eda a d\u00eda.<\/p>\n<p>No es una pastilla m\u00e1gica, pero s\u00ed un aliado hormonal que potencia tu entrenamiento y nutrici\u00f3n para que veas resultados m\u00e1s r\u00e1pidos y duraderos.<\/p>\n<p>\u00bfC\u00f3mo tomarlo ?<br \/>\n1 c\u00e1psula (50 mg) de DHEA al d\u00eda, mejor en la ma\u00f1ana.<\/p>\n<p>Para un mejor resultado, complementa lo la noche con 1 comprimido de Tribulus + Magnesio Bisglicinato.<\/p>\n","protected":false},"excerpt":{"rendered":"<p>Despu\u00e9s de los 40 y en la menopausia, tus hormonas bajan y eso hace que acumules grasa, pierdas masa muscular y te sientas m\u00e1s cansada. El DHEA act\u00faa como un apoyo natural, ayud\u00e1ndote a recuperar energ\u00eda, \u00e1nimo, mantener tu musculatura y mejorar tu bienestar d\u00eda a d\u00eda.<\/p>\n<p>No es una pastilla m\u00e1gica, pero s\u00ed un aliado hormonal que potencia tu entrenamiento y nutrici\u00f3n para que veas resultados m\u00e1s r\u00e1pidos y duraderos.<\/p>\n<p>\u00bfC\u00f3mo tomarlo ?<br \/>\n1 c\u00e1psula (50 mg) de DHEA al d\u00eda, mejor en la ma\u00f1ana.<\/p>\n<p>Para un mejor resultado, complementa lo la noche con 1 comprimido de Tribulus + Magnesio Bisglicinato.<\/p>\n","protected":false},"featured_media":9098,"comment_status":"open","ping_status":"closed","template":"","meta":[],"product_brand":[],"product_cat":[15],"product_tag":[],"class_list":{"0":"post-9096","1":"product","2":"type-product","3":"status-publish","4":"has-post-thumbnail","6":"product_cat-producto-karinaenforma","8":"first","9":"instock","10":"shipping-taxable","11":"purchasable","12":"product-type-simple"},"_links":{"self":[{"href":"https:\/\/karinarojasenforma.cl\/tienda\/wp-json\/wp\/v2\/product\/9096","targetHints":{"allow":["GET"]}}],"collection":[{"href":"https:\/\/karinarojasenforma.cl\/tienda\/wp-json\/wp\/v2\/product"}],"about":[{"href":"https:\/\/karinarojasenforma.cl\/tienda\/wp-json\/wp\/v2\/types\/product"}],"replies":[{"embeddable":true,"href":"https:\/\/karinarojasenforma.cl\/tienda\/wp-json\/wp\/v2\/comments?post=9096"}],"wp:featuredmedia":[{"embeddable":true,"href":"https:\/\/karinarojasenforma.cl\/tienda\/wp-json\/wp\/v2\/media\/9098"}],"wp:attachment":[{"href":"https:\/\/karinarojasenforma.cl\/tienda\/wp-json\/wp\/v2\/media?parent=9096"}],"wp:term":[{"taxonomy":"product_brand","embeddable":true,"href":"https:\/\/karinarojasenforma.cl\/tienda\/wp-json\/wp\/v2\/product_brand?post=9096"},{"taxonomy":"product_cat","embeddable":true,"href":"https:\/\/karinarojasenforma.cl\/tienda\/wp-json\/wp\/v2\/product_cat?post=9096"},{"taxonomy":"product_tag","embeddable":true,"href":"https:\/\/karinarojasenforma.cl\/tienda\/wp-json\/wp\/v2\/product_tag?post=9096"}],"curies":[{"name":"wp","href":"https:\/\/api.w.org\/{rel}","templated":true}]}}